{"id":108,"date":"2024-04-23T17:29:04","date_gmt":"2024-04-23T17:29:04","guid":{"rendered":"https:\/\/www.weloop.org\/?page_id=108"},"modified":"2026-05-07T12:33:07","modified_gmt":"2026-05-07T12:33:07","slug":"mentions-legales","status":"publish","type":"page","link":"https:\/\/www.weloop.org\/en\/mentions-legales\/","title":{"rendered":"Mentions l\u00e9gales"},"content":{"rendered":"<div style=\"height:80px\" aria-hidden=\"true\" class=\"wp-block-spacer\"><\/div>\n\n\n\n<h2 class=\"wp-block-heading has-text-align-center\" id=\"h-mentions-legales\">Mentions L\u00e9gales <\/h2>\n\n\n\n<h3 class=\"wp-block-heading has-neve-link-color-color has-text-color has-link-color wp-elements-62c84a8edb44aaf925ba221603746682\" id=\"h-definitions\"><strong>D\u00e9finitions<\/strong><\/h3>\n\n\n\n<p><strong>Client :<\/strong>&nbsp;tout professionnel ou personne physique capable au sens des articles 1123 et suivants du Code civil, ou personne morale, qui visite le Site objet des pr\u00e9sentes conditions g\u00e9n\u00e9rales.<br><strong>Prestations et Services :<\/strong>&nbsp;<a href=\"https:\/\/www.weloop.org\/en\/\">https:\/\/www.weloop.org<\/a>&nbsp;met \u00e0 disposition des Clients :<\/p>\n\n\n\n<p><strong>Contenu :<\/strong>&nbsp;Ensemble des \u00e9l\u00e9ments constituants l\u2019information pr\u00e9sente sur le Site, notamment textes \u2013 images \u2013 vid\u00e9os.<\/p>\n\n\n\n<p><strong>Informations clients :<\/strong>&nbsp;Ci apr\u00e8s d\u00e9nomm\u00e9 \u00ab Information (s) \u00bb qui correspondent \u00e0 l\u2019ensemble des donn\u00e9es personnelles susceptibles d\u2019\u00eatre d\u00e9tenues par&nbsp;<a href=\"https:\/\/www.weloop.org\/en\/\">https:\/\/www.weloop.org<\/a>&nbsp;pour la gestion de votre compte, de la gestion de la relation client et \u00e0 des fins d\u2019analyses et de statistiques.<\/p>\n\n\n\n<p><strong>Utilisateur :<\/strong>&nbsp;Internaute se connectant, utilisant le site susnomm\u00e9.<\/p>\n\n\n\n<p><strong>Informations personnelles :<\/strong>&nbsp;\u00ab\u00a0Les informations qui permettent, sous quelque forme que ce soit, directement ou non, l&rsquo;identification des personnes physiques auxquelles elles s&rsquo;appliquent \u00bb (article 4 de la loi n\u00b0 78-17 du 6 janvier 1978).\u00a0\u00bb<\/p>\n\n\n\n<p>Les termes \u00ab donn\u00e9es \u00e0 caract\u00e8re personnel \u00bb, \u00ab personne concern\u00e9e \u00bb, \u00ab sous traitant \u00bb et \u00ab donn\u00e9es sensibles \u00bb ont le sens d\u00e9fini par le R\u00e8glement G\u00e9n\u00e9ral sur la Protection des Donn\u00e9es (RGPD : n\u00b0 2016-679)<\/p>\n\n\n\n<hr class=\"wp-block-separator has-alpha-channel-opacity\"\/>\n\n\n\n<h3 class=\"wp-block-heading has-neve-link-color-color has-text-color has-link-color wp-elements-74e8c03581f33acfd5b312f652bc04d5\" id=\"h-1-presentation-du-site-internet\"><strong>1. Pr\u00e9sentation du site internet<\/strong><\/h3>\n\n\n\n<p>En vertu de l&rsquo;article 6 de la loi n\u00b0 2004-575 du 21 juin 2004 pour la confiance dans l&rsquo;\u00e9conomie num\u00e9rique, il est pr\u00e9cis\u00e9 aux utilisateurs du site internet&nbsp;<a href=\"https:\/\/www.weloop.org\/en\/\">https:\/\/www.weloop.org<\/a>&nbsp;l&rsquo;identit\u00e9 des diff\u00e9rents intervenants dans le cadre de sa r\u00e9alisation et de son suivi:<\/p>\n\n\n\n<p><strong>Propri\u00e9taire<\/strong>\u00a0: SAS WeLOOP Capital social de 10 000,00 \u20ac \u2013 Num\u00e9ro de TVA: FR90830184420 \u2013 254 rue du Bourg 59130 Lambersart \u2013 Siret : 830 184 420 00032 &#8211; N\u00b0 t\u00e9l\u00e9phone : 09 81 85 76 82<br><strong>Responsable publication<\/strong>\u00a0: WeLOOP \u2013 info@weloop.org<br>Le responsable publication est une personne physique ou une personne morale.<br><strong>Webmaster<\/strong>\u00a0: WeLOOP \u2013 info@weloop.org<br><strong>H\u00e9bergeur<\/strong>\u00a0: o2switch \u2013 222 Bd Gustave Flauber 63000 Clermont Ferrand \u2013 N\u00b0 t\u00e9l\u00e9phone : <strong>\u00a0<\/strong>04 44 44 60 40<br><strong>D\u00e9l\u00e9gu\u00e9 \u00e0 la protection des donn\u00e9es<\/strong>\u00a0: WeLOOP \u2013 info@weloop.org<\/p>\n\n\n\n<hr class=\"wp-block-separator has-alpha-channel-opacity\"\/>\n\n\n\n<h3 class=\"wp-block-heading has-neve-link-color-color has-text-color has-link-color wp-elements-f4797e284acd4f95dbdfccb657de09e7\" id=\"h-2-conditions-generales-d-utilisation-du-site-et-des-services-proposes\"><strong>2. Conditions g\u00e9n\u00e9rales d\u2019utilisation du site et des services propos\u00e9s<\/strong><\/h3>\n\n\n\n<p>Le Site constitue une \u0153uvre de l\u2019esprit prot\u00e9g\u00e9e par les dispositions du Code de la Propri\u00e9t\u00e9 Intellectuelle et des R\u00e9glementations Internationales applicables. Le Client ne peut en aucune mani\u00e8re r\u00e9utiliser, c\u00e9der ou exploiter pour son propre compte tout ou partie des \u00e9l\u00e9ments ou travaux du Site.<\/p>\n\n\n\n<p>L\u2019utilisation du site&nbsp;<a href=\"https:\/\/www.weloop.org\/en\/\">https:\/\/www.weloop.org<\/a>&nbsp;implique l\u2019acceptation pleine et enti\u00e8re des conditions g\u00e9n\u00e9rales d\u2019utilisation ci-apr\u00e8s d\u00e9crites. Ces conditions d\u2019utilisation sont susceptibles d\u2019\u00eatre modifi\u00e9es ou compl\u00e9t\u00e9es \u00e0 tout moment, les utilisateurs du site&nbsp;<a href=\"https:\/\/www.weloop.org\/en\/\">https:\/\/www.weloop.org<\/a>&nbsp;sont donc invit\u00e9s \u00e0 les consulter de mani\u00e8re r\u00e9guli\u00e8re.<\/p>\n\n\n\n<p>Ce site internet est normalement accessible \u00e0 tout moment aux utilisateurs. Une interruption pour raison de maintenance technique peut \u00eatre toutefois d\u00e9cid\u00e9e par&nbsp;<a href=\"https:\/\/www.weloop.org\/en\/\">https:\/\/www.weloop.org<\/a>, qui s\u2019efforcera alors de communiquer pr\u00e9alablement aux utilisateurs les dates et heures de l\u2019intervention. Le site web&nbsp;<a href=\"https:\/\/www.weloop.org\/en\/\">https:\/\/www.weloop.org<\/a>&nbsp;est mis \u00e0 jour r\u00e9guli\u00e8rement par&nbsp;<a href=\"https:\/\/www.weloop.org\/en\/\">https:\/\/www.weloop.org<\/a>&nbsp;responsable. De la m\u00eame fa\u00e7on, les mentions l\u00e9gales peuvent \u00eatre modifi\u00e9es \u00e0 tout moment : elles s\u2019imposent n\u00e9anmoins \u00e0 l\u2019utilisateur qui est invit\u00e9 \u00e0 s\u2019y r\u00e9f\u00e9rer le plus souvent possible afin d\u2019en prendre connaissance.<\/p>\n\n\n\n<hr class=\"wp-block-separator has-alpha-channel-opacity\"\/>\n\n\n\n<h3 class=\"wp-block-heading has-neve-link-color-color has-text-color has-link-color wp-elements-877240fe7a202fd964c7a8cf4f307a42\" id=\"h-3-description-des-services-fournis\"><strong>3. Description des services fournis<\/strong><\/h3>\n\n\n\n<p>Le site internet&nbsp;<a href=\"https:\/\/www.weloop.org\/en\/\">https:\/\/www.weloop.org<\/a>&nbsp;a pour objet de fournir une information concernant l\u2019ensemble des activit\u00e9s de la soci\u00e9t\u00e9.&nbsp;<a href=\"https:\/\/www.weloop.org\/en\/\">https:\/\/www.weloop.org<\/a>&nbsp;s\u2019efforce de fournir sur le site&nbsp;<a href=\"https:\/\/www.weloop.org\/en\/\">https:\/\/www.weloop.org<\/a>&nbsp;des informations aussi pr\u00e9cises que possible. Toutefois, il ne pourra \u00eatre tenu responsable des oublis, des inexactitudes et des carences dans la mise \u00e0 jour, qu\u2019elles soient de son fait ou du fait des tiers partenaires qui lui fournissent ces informations.<\/p>\n\n\n\n<p>Toutes les informations indiqu\u00e9es sur le site&nbsp;<a href=\"https:\/\/www.weloop.org\/en\/\">https:\/\/www.weloop.org<\/a>&nbsp;sont donn\u00e9es \u00e0 titre indicatif, et sont susceptibles d\u2019\u00e9voluer. Par ailleurs, les renseignements figurant sur le site&nbsp;<a href=\"https:\/\/www.weloop.org\/en\/\">https:\/\/www.weloop.org<\/a>&nbsp;ne sont pas exhaustifs. Ils sont donn\u00e9s sous r\u00e9serve de modifications ayant \u00e9t\u00e9 apport\u00e9es depuis leur mise en ligne.<\/p>\n\n\n\n<hr class=\"wp-block-separator has-alpha-channel-opacity\"\/>\n\n\n\n<h3 class=\"wp-block-heading has-neve-link-color-color has-text-color has-link-color wp-elements-7899579aff311a455b7cf2b4aaea6ef9\" id=\"h-4-limitations-contractuelles-sur-les-donnees-techniques\"><strong>4. Limitations contractuelles sur les donn\u00e9es techniques<\/strong><\/h3>\n\n\n\n<p>Le site utilise la technologie JavaScript. Le site Internet ne pourra \u00eatre tenu responsable de dommages mat\u00e9riels li\u00e9s \u00e0 l\u2019utilisation du site. De plus, l\u2019utilisateur du site s\u2019engage \u00e0 acc\u00e9der au site en utilisant un mat\u00e9riel r\u00e9cent, ne contenant pas de virus et avec un navigateur de derni\u00e8re g\u00e9n\u00e9ration mis-\u00e0-jour Le site&nbsp;<a href=\"https:\/\/www.weloop.org\/en\/\">https:\/\/www.weloop.org<\/a>&nbsp;est h\u00e9berg\u00e9 chez un prestataire sur le territoire de l\u2019Union Europ\u00e9enne conform\u00e9ment aux dispositions du R\u00e8glement G\u00e9n\u00e9ral sur la Protection des Donn\u00e9es (RGPD : n\u00b0 2016-679)<\/p>\n\n\n\n<p>L\u2019objectif est d\u2019apporter une prestation qui assure le meilleur taux d\u2019accessibilit\u00e9. L\u2019h\u00e9bergeur assure la continuit\u00e9 de son service 24 Heures sur 24, tous les jours de l\u2019ann\u00e9e. Il se r\u00e9serve n\u00e9anmoins la possibilit\u00e9 d\u2019interrompre le service d\u2019h\u00e9bergement pour les dur\u00e9es les plus courtes possibles notamment \u00e0 des fins de maintenance, d\u2019am\u00e9lioration de ses infrastructures, de d\u00e9faillance de ses infrastructures ou si les Prestations et Services g\u00e9n\u00e8rent un trafic r\u00e9put\u00e9 anormal.<\/p>\n\n\n\n<p><a href=\"https:\/\/www.weloop.org\/en\/\">https:\/\/www.weloop.org<\/a>&nbsp;et l\u2019h\u00e9bergeur ne pourront \u00eatre tenus responsables en cas de dysfonctionnement du r\u00e9seau Internet, des lignes t\u00e9l\u00e9phoniques ou du mat\u00e9riel informatique et de t\u00e9l\u00e9phonie li\u00e9 notamment \u00e0 l\u2019encombrement du r\u00e9seau emp\u00eachant l\u2019acc\u00e8s au serveur.<\/p>\n\n\n\n<hr class=\"wp-block-separator has-alpha-channel-opacity\"\/>\n\n\n\n<h3 class=\"wp-block-heading has-neve-link-color-color has-text-color has-link-color wp-elements-72c8cf710d073deb85fdd375aead5e14\" id=\"h-5-propriete-intellectuelle-et-contrefacons\"><strong>5. Propri\u00e9t\u00e9 intellectuelle et contrefa\u00e7ons<\/strong><\/h3>\n\n\n\n<p><a href=\"https:\/\/www.weloop.org\/en\/\">https:\/\/www.weloop.org<\/a>&nbsp;est propri\u00e9taire des droits de propri\u00e9t\u00e9 intellectuelle et d\u00e9tient les droits d\u2019usage sur tous les \u00e9l\u00e9ments accessibles sur le site internet, notamment les textes, images, graphismes, logos, vid\u00e9os, ic\u00f4nes et sons. Toute reproduction, repr\u00e9sentation, modification, publication, adaptation de tout ou partie des \u00e9l\u00e9ments du site, quel que soit le moyen ou le proc\u00e9d\u00e9 utilis\u00e9, est interdite, sauf autorisation \u00e9crite pr\u00e9alable de :&nbsp;<a href=\"https:\/\/www.weloop.org\/en\/\">https:\/\/www.weloop.org<\/a>.<\/p>\n\n\n\n<p>Toute exploitation non autoris\u00e9e du site ou de l\u2019un quelconque des \u00e9l\u00e9ments qu\u2019il contient sera consid\u00e9r\u00e9e comme constitutive d\u2019une contrefa\u00e7on et poursuivie conform\u00e9ment aux dispositions des articles L.335-2 et suivants du Code de Propri\u00e9t\u00e9 Intellectuelle.<\/p>\n\n\n\n<hr class=\"wp-block-separator has-alpha-channel-opacity\"\/>\n\n\n\n<h3 class=\"wp-block-heading has-neve-link-color-color has-text-color has-link-color wp-elements-762d0ab98153b822b11b3907ccf43d8c\" id=\"h-6-limitations-de-responsabilite\"><strong>6. Limitations de responsabilit\u00e9<\/strong><\/h3>\n\n\n\n<p><a href=\"https:\/\/www.weloop.org\/en\/\">https:\/\/www.weloop.org<\/a>&nbsp;agit en tant qu\u2019\u00e9diteur du site.&nbsp;<a href=\"https:\/\/www.weloop.org\/en\/\">https:\/\/www.weloop.org<\/a>&nbsp;est responsable de la qualit\u00e9 et de la v\u00e9racit\u00e9 du Contenu qu\u2019il publie.<\/p>\n\n\n\n<p><a href=\"https:\/\/www.weloop.org\/en\/\">https:\/\/www.weloop.org<\/a>&nbsp;ne pourra \u00eatre tenu responsable des dommages directs et indirects caus\u00e9s au mat\u00e9riel de l\u2019utilisateur, lors de l\u2019acc\u00e8s au site internet&nbsp;<a href=\"https:\/\/www.weloop.org\/en\/\">https:\/\/www.weloop.org<\/a>, et r\u00e9sultant soit de l\u2019utilisation d\u2019un mat\u00e9riel ne r\u00e9pondant pas aux sp\u00e9cifications indiqu\u00e9es au point 4, soit de l\u2019apparition d\u2019un bug ou d\u2019une incompatibilit\u00e9.<\/p>\n\n\n\n<p><a href=\"https:\/\/www.weloop.org\/en\/\">https:\/\/www.weloop.org<\/a>\u00a0ne pourra \u00e9galement \u00eatre tenu responsable des dommages indirects (tels par exemple qu\u2019une perte de march\u00e9 ou perte d\u2019une chance) cons\u00e9cutifs \u00e0 l\u2019utilisation du site\u00a0<a href=\"https:\/\/www.weloop.org\/en\/\">https:\/\/www.weloop.org<\/a>. Des espaces interactifs (possibilit\u00e9 de poser des questions dans l\u2019espace contact) sont \u00e0 la disposition des utilisateurs.\u00a0<a href=\"https:\/\/www.weloop.org\/en\/\">https:\/\/www.weloop.org<\/a>\u00a0se r\u00e9serve le droit de supprimer, sans mise en demeure pr\u00e9alable, tout contenu d\u00e9pos\u00e9 dans cet espace qui contreviendrait \u00e0 la l\u00e9gislation applicable en France, en particulier aux dispositions relatives \u00e0 la protection des donn\u00e9es. Le cas \u00e9ch\u00e9ant,\u00a0<a href=\"https:\/\/www.weloop.org\/en\/\">https:\/\/www.weloop.org<\/a>\u00a0se r\u00e9serve \u00e9galement la possibilit\u00e9 de mettre en cause la responsabilit\u00e9 civile et\/ou p\u00e9nale de l\u2019utilisateur, notamment en cas de message \u00e0 caract\u00e8re raciste, injurieux, diffamant, ou pornographique, quel que soit le support utilis\u00e9 (texte, photographie)<\/p>\n\n\n\n<h3 class=\"wp-block-heading has-neve-link-color-color has-text-color has-link-color wp-elements-dde502cce702d0d35e98c06a90aa111d\" id=\"h-7-droit-applicable-et-attribution-de-juridiction\"><strong>7. Droit applicable et attribution de juridiction<\/strong><\/h3>\n\n\n\n<p>Tout litige en relation avec l\u2019utilisation du site&nbsp;<a href=\"https:\/\/www.weloop.org\/en\/\">https:\/\/www.weloop.org<\/a>&nbsp;est soumis au droit fran\u00e7ais. En dehors des cas o\u00f9 la loi ne le permet pas, il est fait attribution exclusive de juridiction aux tribunaux comp\u00e9tents de Lille.<\/p>\n\n\n\n<div style=\"height:80px\" aria-hidden=\"true\" class=\"wp-block-spacer\"><\/div>","protected":false},"excerpt":{"rendered":"<p>Mentions L\u00e9gales D\u00e9finitions Client :&nbsp;tout professionnel ou personne physique capable au sens des articles 1123 et suivants du Code civil, ou personne morale, qui visite le Site objet des pr\u00e9sentes conditions g\u00e9n\u00e9rales.Prestations et Services :&nbsp;https:\/\/www.weloop.org&nbsp;met \u00e0 disposition des Clients : Contenu :&nbsp;Ensemble des \u00e9l\u00e9ments constituants l\u2019information pr\u00e9sente sur le Site, notamment textes \u2013 images \u2013&hellip;&nbsp;<\/p>\n<div class=\"read-more-wrapper\"><a href=\"https:\/\/www.weloop.org\/en\/mentions-legales\/\" class=\"button button-primary\" rel=\"bookmark\">Read More &raquo;<span class=\"screen-reader-text\">Mentions l\u00e9gales<\/span><\/a><\/div>","protected":false},"author":1,"featured_media":0,"parent":0,"menu_order":0,"comment_status":"closed","ping_status":"closed","template":"","meta":{"_uag_custom_page_level_css":"","neve_meta_sidebar":"","neve_meta_container":"","neve_meta_enable_content_width":"","neve_meta_content_width":0,"neve_meta_title_alignment":"","neve_meta_author_avatar":"","neve_post_elements_order":"","neve_meta_disable_header":"","neve_meta_disable_footer":"","neve_meta_disable_title":"","neve_meta_reading_time":"","_themeisle_gutenberg_block_has_review":false,"_ti_tpc_template_sync":false,"_ti_tpc_template_id":"","footnotes":""},"class_list":["post-108","page","type-page","status-publish","hentry"],"yoast_head":"<!-- This site is optimized with the Yoast SEO Premium plugin v27.5 (Yoast SEO v27.5) - https:\/\/yoast.com\/product\/yoast-seo-premium-wordpress\/ -->\n<title>Mentions l\u00e9gales | WeLOOP<\/title>\n<meta name=\"description\" content=\"Retrouvez les mentions l\u00e9gales du site WeLOOP : informations sur l&#039;\u00e9diteur, l&#039;h\u00e9bergement du site, les responsabilit\u00e9s et la propri\u00e9t\u00e9 intellectuelle.\" \/>\n<meta name=\"robots\" content=\"index, follow, max-snippet:-1, max-image-preview:large, max-video-preview:-1\" \/>\n<link rel=\"canonical\" href=\"https:\/\/www.weloop.org\/en\/mentions-legales\/\" \/>\n<meta property=\"og:locale\" content=\"en_US\" \/>\n<meta property=\"og:type\" content=\"article\" \/>\n<meta property=\"og:title\" content=\"Mentions l\u00e9gales\" \/>\n<meta property=\"og:description\" content=\"Retrouvez les mentions l\u00e9gales du site WeLOOP : informations sur l&#039;\u00e9diteur, l&#039;h\u00e9bergement du site, les responsabilit\u00e9s et la propri\u00e9t\u00e9 intellectuelle.\" \/>\n<meta property=\"og:url\" content=\"https:\/\/www.weloop.org\/en\/mentions-legales\/\" \/>\n<meta property=\"og:site_name\" content=\"WeLOOP\" \/>\n<meta property=\"article:modified_time\" content=\"2026-05-07T12:33:07+00:00\" \/>\n<meta property=\"og:image\" content=\"https:\/\/www.weloop.org\/wp-content\/uploads\/2024\/11\/logoprincipal_1.png\" \/>\n\t<meta property=\"og:image:width\" content=\"2000\" \/>\n\t<meta property=\"og:image:height\" content=\"1500\" \/>\n\t<meta property=\"og:image:type\" content=\"image\/png\" \/>\n<meta name=\"twitter:card\" content=\"summary_large_image\" \/>\n<meta name=\"twitter:label1\" content=\"Est. reading time\" \/>\n\t<meta name=\"twitter:data1\" content=\"6 minutes\" \/>\n<script type=\"application\/ld+json\" class=\"yoast-schema-graph\">{\"@context\":\"https:\\\/\\\/schema.org\",\"@graph\":[{\"@type\":\"WebPage\",\"@id\":\"https:\\\/\\\/www.weloop.org\\\/mentions-legales\\\/\",\"url\":\"https:\\\/\\\/www.weloop.org\\\/mentions-legales\\\/\",\"name\":\"Mentions l\u00e9gales | WeLOOP\",\"isPartOf\":{\"@id\":\"https:\\\/\\\/www.v2.weloop.org\\\/#website\"},\"datePublished\":\"2024-04-23T17:29:04+00:00\",\"dateModified\":\"2026-05-07T12:33:07+00:00\",\"description\":\"Retrouvez les mentions l\u00e9gales du site WeLOOP : informations sur l'\u00e9diteur, l'h\u00e9bergement du site, les responsabilit\u00e9s et la propri\u00e9t\u00e9 intellectuelle.\",\"breadcrumb\":{\"@id\":\"https:\\\/\\\/www.weloop.org\\\/mentions-legales\\\/#breadcrumb\"},\"inLanguage\":\"en-US\",\"potentialAction\":[{\"@type\":\"ReadAction\",\"target\":[\"https:\\\/\\\/www.weloop.org\\\/mentions-legales\\\/\"]}]},{\"@type\":\"BreadcrumbList\",\"@id\":\"https:\\\/\\\/www.weloop.org\\\/mentions-legales\\\/#breadcrumb\",\"itemListElement\":[{\"@type\":\"ListItem\",\"position\":1,\"name\":\"Accueil\",\"item\":\"https:\\\/\\\/www.weloop.org\\\/\"},{\"@type\":\"ListItem\",\"position\":2,\"name\":\"Mentions l\u00e9gales\"}]},{\"@type\":\"WebSite\",\"@id\":\"https:\\\/\\\/www.v2.weloop.org\\\/#website\",\"url\":\"https:\\\/\\\/www.v2.weloop.org\\\/\",\"name\":\"WeLOOP\",\"description\":\"WeLOOP\",\"publisher\":{\"@id\":\"https:\\\/\\\/www.v2.weloop.org\\\/#organization\"},\"alternateName\":\"weloop\",\"potentialAction\":[{\"@type\":\"SearchAction\",\"target\":{\"@type\":\"EntryPoint\",\"urlTemplate\":\"https:\\\/\\\/www.v2.weloop.org\\\/?s={search_term_string}\"},\"query-input\":{\"@type\":\"PropertyValueSpecification\",\"valueRequired\":true,\"valueName\":\"search_term_string\"}}],\"inLanguage\":\"en-US\"},{\"@type\":\"Organization\",\"@id\":\"https:\\\/\\\/www.v2.weloop.org\\\/#organization\",\"name\":\"WeLOOP\",\"alternateName\":\"weloop\",\"url\":\"https:\\\/\\\/www.v2.weloop.org\\\/\",\"logo\":{\"@type\":\"ImageObject\",\"inLanguage\":\"en-US\",\"@id\":\"https:\\\/\\\/www.v2.weloop.org\\\/#\\\/schema\\\/logo\\\/image\\\/\",\"url\":\"https:\\\/\\\/www.weloop.org\\\/wp-content\\\/uploads\\\/2024\\\/04\\\/logoprincipal_1.png\",\"contentUrl\":\"https:\\\/\\\/www.weloop.org\\\/wp-content\\\/uploads\\\/2024\\\/04\\\/logoprincipal_1.png\",\"width\":2000,\"height\":1500,\"caption\":\"WeLOOP\"},\"image\":{\"@id\":\"https:\\\/\\\/www.v2.weloop.org\\\/#\\\/schema\\\/logo\\\/image\\\/\"},\"sameAs\":[\"https:\\\/\\\/www.linkedin.com\\\/company\\\/weloop\"],\"description\":\"Bureau d'expertise et d'innovation sp\u00e9cialis\u00e9 dans l'Analyse du Cycle de Vie et l'\u00e9conomie circulaire. WeLOOP WeLOOP accompagne les acteurs priv\u00e9s et publics dans leurs projets d\u2019\u00e9conomie circulaire et de management de cycle de vie, de la d\u00e9finition de la strat\u00e9gie \u00e0 sa mise en place.\",\"email\":\"info@weloop.org\",\"telephone\":\"+33981857682\",\"legalName\":\"WeLOOP\",\"foundingDate\":\"2017-06-12\",\"numberOfEmployees\":{\"@type\":\"QuantitativeValue\",\"minValue\":\"11\",\"maxValue\":\"50\"}}]}<\/script>\n<!-- \/ Yoast SEO Premium plugin. -->","yoast_head_json":{"title":"Mentions l\u00e9gales | WeLOOP","description":"Retrouvez les mentions l\u00e9gales du site WeLOOP : informations sur l'\u00e9diteur, l'h\u00e9bergement du site, les responsabilit\u00e9s et la propri\u00e9t\u00e9 intellectuelle.","robots":{"index":"index","follow":"follow","max-snippet":"max-snippet:-1","max-image-preview":"max-image-preview:large","max-video-preview":"max-video-preview:-1"},"canonical":"https:\/\/www.weloop.org\/en\/mentions-legales\/","og_locale":"en_US","og_type":"article","og_title":"Mentions l\u00e9gales","og_description":"Retrouvez les mentions l\u00e9gales du site WeLOOP : informations sur l'\u00e9diteur, l'h\u00e9bergement du site, les responsabilit\u00e9s et la propri\u00e9t\u00e9 intellectuelle.","og_url":"https:\/\/www.weloop.org\/en\/mentions-legales\/","og_site_name":"WeLOOP","article_modified_time":"2026-05-07T12:33:07+00:00","og_image":[{"width":2000,"height":1500,"url":"https:\/\/www.weloop.org\/wp-content\/uploads\/2024\/11\/logoprincipal_1.png","type":"image\/png"}],"twitter_card":"summary_large_image","twitter_misc":{"Est. reading time":"6 minutes"},"schema":{"@context":"https:\/\/schema.org","@graph":[{"@type":"WebPage","@id":"https:\/\/www.weloop.org\/mentions-legales\/","url":"https:\/\/www.weloop.org\/mentions-legales\/","name":"Mentions l\u00e9gales | WeLOOP","isPartOf":{"@id":"https:\/\/www.v2.weloop.org\/#website"},"datePublished":"2024-04-23T17:29:04+00:00","dateModified":"2026-05-07T12:33:07+00:00","description":"Retrouvez les mentions l\u00e9gales du site WeLOOP : informations sur l'\u00e9diteur, l'h\u00e9bergement du site, les responsabilit\u00e9s et la propri\u00e9t\u00e9 intellectuelle.","breadcrumb":{"@id":"https:\/\/www.weloop.org\/mentions-legales\/#breadcrumb"},"inLanguage":"en-US","potentialAction":[{"@type":"ReadAction","target":["https:\/\/www.weloop.org\/mentions-legales\/"]}]},{"@type":"BreadcrumbList","@id":"https:\/\/www.weloop.org\/mentions-legales\/#breadcrumb","itemListElement":[{"@type":"ListItem","position":1,"name":"Accueil","item":"https:\/\/www.weloop.org\/"},{"@type":"ListItem","position":2,"name":"Mentions l\u00e9gales"}]},{"@type":"WebSite","@id":"https:\/\/www.v2.weloop.org\/#website","url":"https:\/\/www.v2.weloop.org\/","name":"WeLOOP","description":"WeLOOP","publisher":{"@id":"https:\/\/www.v2.weloop.org\/#organization"},"alternateName":"weloop","potentialAction":[{"@type":"SearchAction","target":{"@type":"EntryPoint","urlTemplate":"https:\/\/www.v2.weloop.org\/?s={search_term_string}"},"query-input":{"@type":"PropertyValueSpecification","valueRequired":true,"valueName":"search_term_string"}}],"inLanguage":"en-US"},{"@type":"Organization","@id":"https:\/\/www.v2.weloop.org\/#organization","name":"WeLOOP","alternateName":"weloop","url":"https:\/\/www.v2.weloop.org\/","logo":{"@type":"ImageObject","inLanguage":"en-US","@id":"https:\/\/www.v2.weloop.org\/#\/schema\/logo\/image\/","url":"https:\/\/www.weloop.org\/wp-content\/uploads\/2024\/04\/logoprincipal_1.png","contentUrl":"https:\/\/www.weloop.org\/wp-content\/uploads\/2024\/04\/logoprincipal_1.png","width":2000,"height":1500,"caption":"WeLOOP"},"image":{"@id":"https:\/\/www.v2.weloop.org\/#\/schema\/logo\/image\/"},"sameAs":["https:\/\/www.linkedin.com\/company\/weloop"],"description":"WeLOOP is an expert and innovation consultancy specialising in Life Cycle Assessment and circular economy. The organisation supports both private and public stakeholders in their circular economy and life cycle management projects, from strategy definition through to implementation.","email":"info@weloop.org","telephone":"+33981857682","legalName":"WeLOOP","foundingDate":"2017-06-12","numberOfEmployees":{"@type":"QuantitativeValue","minValue":"11","maxValue":"50"}}]}},"uagb_featured_image_src":{"full":false,"thumbnail":false,"medium":false,"medium_large":false,"large":false,"1536x1536":false,"2048x2048":false,"trp-custom-language-flag":false,"neve-blog":false},"uagb_author_info":{"display_name":"","author_link":"https:\/\/www.weloop.org\/en\/author\/"},"uagb_comment_info":0,"uagb_excerpt":"Mentions L\u00e9gales D\u00e9finitions Client :&nbsp;tout professionnel ou personne physique capable au sens des articles 1123 et suivants du Code civil, ou personne morale, qui visite le Site objet des pr\u00e9sentes conditions g\u00e9n\u00e9rales.Prestations et Services :&nbsp;https:\/\/www.weloop.org&nbsp;met \u00e0 disposition des Clients : Contenu :&nbsp;Ensemble des \u00e9l\u00e9ments constituants l\u2019information pr\u00e9sente sur le Site, notamment textes \u2013 images \u2013&hellip;&nbsp;Read&hellip;","_links":{"self":[{"href":"https:\/\/www.weloop.org\/en\/wp-json\/wp\/v2\/pages\/108","targetHints":{"allow":["GET"]}}],"collection":[{"href":"https:\/\/www.weloop.org\/en\/wp-json\/wp\/v2\/pages"}],"about":[{"href":"https:\/\/www.weloop.org\/en\/wp-json\/wp\/v2\/types\/page"}],"author":[{"embeddable":true,"href":"https:\/\/www.weloop.org\/en\/wp-json\/wp\/v2\/users\/1"}],"replies":[{"embeddable":true,"href":"https:\/\/www.weloop.org\/en\/wp-json\/wp\/v2\/comments?post=108"}],"version-history":[{"count":2,"href":"https:\/\/www.weloop.org\/en\/wp-json\/wp\/v2\/pages\/108\/revisions"}],"predecessor-version":[{"id":12743,"href":"https:\/\/www.weloop.org\/en\/wp-json\/wp\/v2\/pages\/108\/revisions\/12743"}],"wp:attachment":[{"href":"https:\/\/www.weloop.org\/en\/wp-json\/wp\/v2\/media?parent=108"}],"curies":[{"name":"wp","href":"https:\/\/api.w.org\/{rel}","templated":true}]}}